{"id":16425,"date":"2025-11-30T03:35:53","date_gmt":"2025-11-30T02:35:53","guid":{"rendered":"https:\/\/tgin.cat\/politica-de-cookies\/"},"modified":"2025-11-30T03:35:53","modified_gmt":"2025-11-30T02:35:53","slug":"politica-de-cookies","status":"publish","type":"page","link":"https:\/\/tgin.cat\/es\/politica-de-cookies\/","title":{"rendered":"Pol\u00edtica de cookies"},"content":{"rendered":"<p>Pol\u00edtica de cookies<\/p>\n<p>&nbsp;<\/p>\n<p>1. Qu\u00e9 son las cookies<\/p>\n<p>Este sitio web utiliza cookies y tecnolog\u00edas similares que permiten almacenar y recuperar informaci\u00f3n cuando el usuario navega por el sitio web. Estas tecnolog\u00edas pueden servir para garantizar el funcionamiento del sitio, obtener informaci\u00f3n estad\u00edstica o mejorar la experiencia de navegaci\u00f3n.<\/p>\n<p>2. Qui\u00e9n utiliza la informaci\u00f3n de las cookies<\/p>\n<p>Titular del sitio web: Arquitectura TGIN, S.L.P.<br \/>CIF: B67274944<br \/>Direcci\u00f3n: Passatge de Cardedeu, 29 \u2013 08023 Barcelona<br \/>Correo electr\u00f3nico: info@tgin.cat<\/p>\n<p>3. Tipos de cookies utilizadas<\/p>\n<p>Seg\u00fan su naturaleza, este sitio web puede utilizar:<\/p>\n<p>Cookies t\u00e9cnicas necesarias para el funcionamiento del sitio web.<\/p>\n<p>Cookies de personalizaci\u00f3n, como el idioma o la configuraci\u00f3n del navegador.<\/p>\n<p>Cookies anal\u00edticas, que permiten analizar el comportamiento de navegaci\u00f3n de los usuarios con finalidades estad\u00edsticas.<\/p>\n<p>Cookies de terceros, gestionadas por servicios externos como Google.<\/p>\n<p>4. Cookies utilizadas en este sitio web<\/p>\n<p>Este sitio web puede utilizar cookies propias y de terceros con finalidades t\u00e9cnicas y anal\u00edticas.<br \/>La informaci\u00f3n concreta sobre las cookies activas se muestra y gestiona mediante el banner de cookies disponible en el sitio web.<\/p>\n<p>Esta informaci\u00f3n puede actualizarse en funci\u00f3n de los servicios utilizados.<\/p>\n<p>5. Gesti\u00f3n y desactivaci\u00f3n de las cookies<\/p>\n<p>El usuario puede aceptar, rechazar o configurar el uso de cookies mediante el panel de configuraci\u00f3n del banner.<br \/>Tambi\u00e9n puede configurar su navegador para bloquear o eliminar las cookies, aunque esto puede afectar el funcionamiento correcto del sitio web.<\/p>\n<p>6. Derechos del usuario<\/p>\n<p>El usuario puede ejercer sus derechos en materia de protecci\u00f3n de datos dirigi\u00e9ndose a info@tgin.cat<br \/>o presentar una reclamaci\u00f3n ante la Agencia Espa\u00f1ola de Protecci\u00f3n de Datos (www.aepd.es<br \/>).<\/p>\n<p>Fecha de \u00faltima actualizaci\u00f3n: octubre de 2025<\/p>\n","protected":false},"excerpt":{"rendered":"<p>Pol\u00edtica de cookies &nbsp; 1. Qu\u00e9 son las cookies Este sitio web utiliza cookies y tecnolog\u00edas similares que permiten almacenar y recuperar informaci\u00f3n cuando el usuario navega por el sitio web. Estas tecnolog\u00edas pueden servir para garantizar el funcionamiento del sitio, obtener informaci\u00f3n estad\u00edstica o mejorar la experiencia de navegaci\u00f3n. 2. Qui\u00e9n utiliza la informaci\u00f3n [&hellip;]<\/p>\n","protected":false},"author":1,"featured_media":0,"parent":0,"menu_order":0,"comment_status":"closed","ping_status":"closed","template":"","meta":{"footnotes":""},"class_list":["post-16425","page","type-page","status-publish","hentry"],"yoast_head":"<!-- This site is optimized with the Yoast SEO plugin v26.7 - https:\/\/yoast.com\/wordpress\/plugins\/seo\/ -->\n<title>Pol\u00edtica de cookies - Arquitectura TGIN | Estudi d\u2019arquitectura<\/title>\n<meta name=\"robots\" content=\"noindex, nofollow\" \/>\n<meta property=\"og:locale\" content=\"es_ES\" \/>\n<meta property=\"og:type\" content=\"article\" \/>\n<meta property=\"og:title\" content=\"Pol\u00edtica de cookies - Arquitectura TGIN | Estudi d\u2019arquitectura\" \/>\n<meta property=\"og:description\" content=\"Pol\u00edtica de cookies &nbsp; 1. Qu\u00e9 son las cookies Este sitio web utiliza cookies y tecnolog\u00edas similares que permiten almacenar y recuperar informaci\u00f3n cuando el usuario navega por el sitio web. Estas tecnolog\u00edas pueden servir para garantizar el funcionamiento del sitio, obtener informaci\u00f3n estad\u00edstica o mejorar la experiencia de navegaci\u00f3n. 2. Qui\u00e9n utiliza la informaci\u00f3n [&hellip;]\" \/>\n<meta property=\"og:url\" content=\"https:\/\/tgin.cat\/es\/politica-de-cookies\/\" \/>\n<meta property=\"og:site_name\" content=\"Arquitectura TGIN | Estudi d\u2019arquitectura\" \/>\n<meta name=\"twitter:card\" content=\"summary_large_image\" \/>\n<meta name=\"twitter:label1\" content=\"Tiempo de lectura\" \/>\n\t<meta name=\"twitter:data1\" content=\"2 minutos\" \/>\n<script type=\"application\/ld+json\" class=\"yoast-schema-graph\">{\"@context\":\"https:\/\/schema.org\",\"@graph\":[{\"@type\":\"WebPage\",\"@id\":\"https:\/\/tgin.cat\/es\/politica-de-cookies\/\",\"url\":\"https:\/\/tgin.cat\/es\/politica-de-cookies\/\",\"name\":\"Pol\u00edtica de cookies - Arquitectura TGIN | Estudi d\u2019arquitectura\",\"isPartOf\":{\"@id\":\"https:\/\/tgin.cat\/es\/#website\"},\"datePublished\":\"2025-11-30T02:35:53+00:00\",\"breadcrumb\":{\"@id\":\"https:\/\/tgin.cat\/es\/politica-de-cookies\/#breadcrumb\"},\"inLanguage\":\"es\",\"potentialAction\":[{\"@type\":\"ReadAction\",\"target\":[\"https:\/\/tgin.cat\/es\/politica-de-cookies\/\"]}]},{\"@type\":\"BreadcrumbList\",\"@id\":\"https:\/\/tgin.cat\/es\/politica-de-cookies\/#breadcrumb\",\"itemListElement\":[{\"@type\":\"ListItem\",\"position\":1,\"name\":\"Portada\",\"item\":\"https:\/\/tgin.cat\/es\/\"},{\"@type\":\"ListItem\",\"position\":2,\"name\":\"Pol\u00edtica de cookies\"}]},{\"@type\":\"WebSite\",\"@id\":\"https:\/\/tgin.cat\/es\/#website\",\"url\":\"https:\/\/tgin.cat\/es\/\",\"name\":\"Arquitectura TGIN\",\"description\":\"Arquitectura contempor\u00e0nia amb criteri, precisi\u00f3 i visi\u00f3 a llarg termini\",\"publisher\":{\"@id\":\"https:\/\/tgin.cat\/es\/#organization\"},\"potentialAction\":[{\"@type\":\"SearchAction\",\"target\":{\"@type\":\"EntryPoint\",\"urlTemplate\":\"https:\/\/tgin.cat\/es\/?s={search_term_string}\"},\"query-input\":{\"@type\":\"PropertyValueSpecification\",\"valueRequired\":true,\"valueName\":\"search_term_string\"}}],\"inLanguage\":\"es\"},{\"@type\":\"Organization\",\"@id\":\"https:\/\/tgin.cat\/es\/#organization\",\"name\":\"Arquitectura TGIN\",\"url\":\"https:\/\/tgin.cat\/es\/\",\"logo\":{\"@type\":\"ImageObject\",\"inLanguage\":\"es\",\"@id\":\"https:\/\/tgin.cat\/es\/#\/schema\/logo\/image\/\",\"url\":\"https:\/\/tgin.cat\/wp-content\/uploads\/2025\/12\/tgin_logo_negro_web.png\",\"contentUrl\":\"https:\/\/tgin.cat\/wp-content\/uploads\/2025\/12\/tgin_logo_negro_web.png\",\"width\":449,\"height\":450,\"caption\":\"Arquitectura TGIN\"},\"image\":{\"@id\":\"https:\/\/tgin.cat\/es\/#\/schema\/logo\/image\/\"}}]}<\/script>\n<!-- \/ Yoast SEO plugin. -->","yoast_head_json":{"title":"Pol\u00edtica de cookies - Arquitectura TGIN | Estudi d\u2019arquitectura","robots":{"index":"noindex","follow":"nofollow"},"og_locale":"es_ES","og_type":"article","og_title":"Pol\u00edtica de cookies - Arquitectura TGIN | Estudi d\u2019arquitectura","og_description":"Pol\u00edtica de cookies &nbsp; 1. Qu\u00e9 son las cookies Este sitio web utiliza cookies y tecnolog\u00edas similares que permiten almacenar y recuperar informaci\u00f3n cuando el usuario navega por el sitio web. Estas tecnolog\u00edas pueden servir para garantizar el funcionamiento del sitio, obtener informaci\u00f3n estad\u00edstica o mejorar la experiencia de navegaci\u00f3n. 2. Qui\u00e9n utiliza la informaci\u00f3n [&hellip;]","og_url":"https:\/\/tgin.cat\/es\/politica-de-cookies\/","og_site_name":"Arquitectura TGIN | Estudi d\u2019arquitectura","twitter_card":"summary_large_image","twitter_misc":{"Tiempo de lectura":"2 minutos"},"schema":{"@context":"https:\/\/schema.org","@graph":[{"@type":"WebPage","@id":"https:\/\/tgin.cat\/es\/politica-de-cookies\/","url":"https:\/\/tgin.cat\/es\/politica-de-cookies\/","name":"Pol\u00edtica de cookies - Arquitectura TGIN | Estudi d\u2019arquitectura","isPartOf":{"@id":"https:\/\/tgin.cat\/es\/#website"},"datePublished":"2025-11-30T02:35:53+00:00","breadcrumb":{"@id":"https:\/\/tgin.cat\/es\/politica-de-cookies\/#breadcrumb"},"inLanguage":"es","potentialAction":[{"@type":"ReadAction","target":["https:\/\/tgin.cat\/es\/politica-de-cookies\/"]}]},{"@type":"BreadcrumbList","@id":"https:\/\/tgin.cat\/es\/politica-de-cookies\/#breadcrumb","itemListElement":[{"@type":"ListItem","position":1,"name":"Portada","item":"https:\/\/tgin.cat\/es\/"},{"@type":"ListItem","position":2,"name":"Pol\u00edtica de cookies"}]},{"@type":"WebSite","@id":"https:\/\/tgin.cat\/es\/#website","url":"https:\/\/tgin.cat\/es\/","name":"Arquitectura TGIN","description":"Arquitectura contempor\u00e0nia amb criteri, precisi\u00f3 i visi\u00f3 a llarg termini","publisher":{"@id":"https:\/\/tgin.cat\/es\/#organization"},"potentialAction":[{"@type":"SearchAction","target":{"@type":"EntryPoint","urlTemplate":"https:\/\/tgin.cat\/es\/?s={search_term_string}"},"query-input":{"@type":"PropertyValueSpecification","valueRequired":true,"valueName":"search_term_string"}}],"inLanguage":"es"},{"@type":"Organization","@id":"https:\/\/tgin.cat\/es\/#organization","name":"Arquitectura TGIN","url":"https:\/\/tgin.cat\/es\/","logo":{"@type":"ImageObject","inLanguage":"es","@id":"https:\/\/tgin.cat\/es\/#\/schema\/logo\/image\/","url":"https:\/\/tgin.cat\/wp-content\/uploads\/2025\/12\/tgin_logo_negro_web.png","contentUrl":"https:\/\/tgin.cat\/wp-content\/uploads\/2025\/12\/tgin_logo_negro_web.png","width":449,"height":450,"caption":"Arquitectura TGIN"},"image":{"@id":"https:\/\/tgin.cat\/es\/#\/schema\/logo\/image\/"}}]}},"_links":{"self":[{"href":"https:\/\/tgin.cat\/es\/wp-json\/wp\/v2\/pages\/16425","targetHints":{"allow":["GET"]}}],"collection":[{"href":"https:\/\/tgin.cat\/es\/wp-json\/wp\/v2\/pages"}],"about":[{"href":"https:\/\/tgin.cat\/es\/wp-json\/wp\/v2\/types\/page"}],"author":[{"embeddable":true,"href":"https:\/\/tgin.cat\/es\/wp-json\/wp\/v2\/users\/1"}],"replies":[{"embeddable":true,"href":"https:\/\/tgin.cat\/es\/wp-json\/wp\/v2\/comments?post=16425"}],"version-history":[{"count":0,"href":"https:\/\/tgin.cat\/es\/wp-json\/wp\/v2\/pages\/16425\/revisions"}],"wp:attachment":[{"href":"https:\/\/tgin.cat\/es\/wp-json\/wp\/v2\/media?parent=16425"}],"curies":[{"name":"wp","href":"https:\/\/api.w.org\/{rel}","templated":true}]}}