{"id":16421,"date":"2025-11-30T07:03:08","date_gmt":"2025-11-30T06:03:08","guid":{"rendered":"https:\/\/tgin.cat\/contacto\/"},"modified":"2026-01-05T08:32:07","modified_gmt":"2026-01-05T07:32:07","slug":"contacto","status":"publish","type":"page","link":"https:\/\/tgin.cat\/es\/contacto\/","title":{"rendered":"Contacto"},"content":{"rendered":"\t\t<div data-elementor-type=\"wp-page\" data-elementor-id=\"16421\" class=\"elementor elementor-16421 elementor-54\">\n\t\t\t\t<div class=\"elementor-element elementor-element-28d5e50 e-flex e-con-boxed pxl-column-none pxl-row-scroll-none pxl-zoom-point-false pxl-section-overflow-visible pxl-section-fix-none pxl-full-content-with-space-none pxl-bg-color-none pxl-section-overlay-none e-con e-parent \" data-id=\"28d5e50\" data-element_type=\"container\" data-settings=\"{&quot;background_background&quot;:&quot;classic&quot;}\">\t\t\t<div class=\"e-con-inner\">\r\n\t\t<div class=\"elementor-element elementor-element-3604e6b e-con-full e-flex pxl-column-none pxl-row-scroll-none pxl-zoom-point-false pxl-section-overflow-visible pxl-section-fix-none pxl-full-content-with-space-none pxl-bg-color-none pxl-section-overlay-none e-con e-child \" data-id=\"3604e6b\" data-element_type=\"container\" data-settings=\"{&quot;background_background&quot;:&quot;classic&quot;}\"><div class=\"elementor-element elementor-element-69c6f0d e-con-full e-flex pxl-column-none pxl-row-scroll-none pxl-zoom-point-false pxl-section-overflow-visible pxl-section-fix-none pxl-full-content-with-space-none pxl-bg-color-none pxl-section-overlay-none e-con e-child \" data-id=\"69c6f0d\" data-element_type=\"container\"><div class=\"elementor-element elementor-element-8b2cbbe e-con-full e-flex pxl-column-none pxl-row-scroll-none pxl-zoom-point-false pxl-section-overflow-visible pxl-section-fix-none pxl-full-content-with-space-none pxl-bg-color-none pxl-section-overlay-none e-con e-child \" data-id=\"8b2cbbe\" data-element_type=\"container\">\t\t<div class=\"elementor-element elementor-element-94286c7 elementor-widget elementor-widget-pxl_heading\" data-id=\"94286c7\" data-element_type=\"widget\" data-widget_type=\"pxl_heading.default\">\n\t\t\t\t<div class=\"elementor-widget-container\">\n\t\t\t\t\t\n<div id=\"pxl-pxl_heading-94286c7-5348\" class=\"pxl-heading px-sub-title-default-style \">\n\t<div class=\"pxl-heading--inner\">\n\t\t<div class=\"pxl-heading-content\">\n\t\t\t\n\t\t\t<h3 class=\"pxl-item--title clip style-default highlight-default \" data-wow-delay=\"ms\">\n\t\t\t\t\n\t\t\t\t\n\t\t\t\t\t\t\t\t\tcontacto\t\n\t\t\t\t\t\n\t\t\t<\/h3>\n\t\t<\/div>\n\t<\/div>\n<\/div>\t\t\t\t<\/div>\n\t\t\t\t<\/div>\n\t\t\t\t<div class=\"elementor-element elementor-element-f9f9125 elementor-widget__width-initial elementor-absolute elementor-widget elementor-widget-pxl_border_animate\" data-id=\"f9f9125\" data-element_type=\"widget\" data-settings=\"{&quot;_position&quot;:&quot;absolute&quot;}\" data-widget_type=\"pxl_border_animate.default\">\n\t\t\t\t<div class=\"elementor-widget-container\">\n\t\t\t\t\t<div class=\"pxl-border-animate pxl-border-animate1 default\">\r\n  <div class=\"pxl-border-inner \" data-wow-delay=\"ms\"><\/div>\r\n<\/div>\t\t\t\t<\/div>\n\t\t\t\t<\/div>\n\t\t\t\t<div class=\"elementor-element elementor-element-21c4c36 elementor-widget__width-initial elementor-absolute elementor-widget elementor-widget-pxl_border_animate\" data-id=\"21c4c36\" data-element_type=\"widget\" data-settings=\"{&quot;_position&quot;:&quot;absolute&quot;}\" data-widget_type=\"pxl_border_animate.default\">\n\t\t\t\t<div class=\"elementor-widget-container\">\n\t\t\t\t\t<div class=\"pxl-border-animate pxl-border-animate1 default\">\r\n  <div class=\"pxl-border-inner \" data-wow-delay=\"ms\"><\/div>\r\n<\/div>\t\t\t\t<\/div>\n\t\t\t\t<\/div>\n\t\t\t\t<\/div>\r\n\t\t<div class=\"elementor-element elementor-element-c24533b e-con-full e-flex pxl-column-none pxl-row-scroll-none pxl-zoom-point-false pxl-section-overflow-visible pxl-section-fix-none pxl-full-content-with-space-none pxl-bg-color-none pxl-section-overlay-none e-con e-child \" data-id=\"c24533b\" data-element_type=\"container\">\t\t<div class=\"elementor-element elementor-element-720c434 elementor-widget elementor-widget-pxl_text_editor\" data-id=\"720c434\" data-element_type=\"widget\" data-widget_type=\"pxl_text_editor.default\">\n\t\t\t\t<div class=\"elementor-widget-container\">\n\t\t\t\t\t<div class=\"pxl-text-editor\">\n\t<div class=\"pxl-item--inner style-default \" data-wow-delay=\"ms\">\n\t\t<p>\u00bfTienes un proyecto en mente y no sabes por d\u00f3nde empezar? Cu\u00e9ntanos tu caso y te asesoraremos para darle forma con criterio y claridad.<\/p>\t\t\n\t<\/div>\n<\/div>\t\t\t\t<\/div>\n\t\t\t\t<\/div>\n\t\t\t\t<div class=\"elementor-element elementor-element-15e3e39 elementor-widget elementor-widget-pxl_contact_form\" data-id=\"15e3e39\" data-element_type=\"widget\" data-widget_type=\"pxl_contact_form.default\">\n\t\t\t\t<div class=\"elementor-widget-container\">\n\t\t\t\t\t    <div class=\"pxl-contact-form pxl-contact-form1 btn-w-full \" data-wow-delay=\"ms\">\r\n        \n<div class=\"wpcf7 no-js\" id=\"wpcf7-f16494-o1\" lang=\"es-ES\" dir=\"ltr\" data-wpcf7-id=\"16494\">\n<div class=\"screen-reader-response\"><p role=\"status\" aria-live=\"polite\" aria-atomic=\"true\"><\/p> <ul><\/ul><\/div>\n<form action=\"\/es\/wp-json\/wp\/v2\/pages\/16421#wpcf7-f16494-o1\" method=\"post\" class=\"wpcf7-form init\" aria-label=\"Formulario de contacto\" novalidate=\"novalidate\" data-status=\"init\">\n<fieldset class=\"hidden-fields-container\"><input type=\"hidden\" name=\"_wpcf7\" value=\"16494\" \/><input type=\"hidden\" name=\"_wpcf7_version\" value=\"6.1.4\" \/><input type=\"hidden\" name=\"_wpcf7_locale\" value=\"es_ES\" \/><input type=\"hidden\" name=\"_wpcf7_unit_tag\" value=\"wpcf7-f16494-o1\" \/><input type=\"hidden\" name=\"_wpcf7_container_post\" value=\"0\" \/><input type=\"hidden\" name=\"_wpcf7_posted_data_hash\" value=\"\" \/>\n<\/fieldset>\n<div class=\"contact2\">\n\t<div class=\"pxl-contact-inner\">\n\t\t<div class=\"pxl-inner-form\">\n\t\t\t<div class=\"row\">\n\t\t\t\t<div class=\"col-lg-6 col-md-6 col-sm-12\">\n\t\t\t\t\t<div class=\"form pxl-item-name\">\n\t\t\t\t\t\t<p><span class=\"wpcf7-form-control-wrap\" data-name=\"text-484\"><input size=\"40\" maxlength=\"400\" class=\"wpcf7-form-control wpcf7-text wpcf7-validates-as-required\" aria-required=\"true\" aria-invalid=\"false\" placeholder=\"Tu nombre*\" value=\"\" type=\"text\" name=\"text-484\" \/><\/span>\n\t\t\t\t\t\t<\/p>\n\t\t\t\t\t<\/div>\n\t\t\t\t<\/div>\n\t\t\t\t<div class=\"col-lg-6 col-md-6 col-sm-12\">\n\t\t\t\t\t<div class=\"form pxl-item-phone\">\n\t\t\t\t\t\t<p><span class=\"wpcf7-form-control-wrap\" data-name=\"phone\"><input size=\"40\" maxlength=\"400\" class=\"wpcf7-form-control wpcf7-tel wpcf7-validates-as-required wpcf7-text wpcf7-validates-as-tel\" aria-required=\"true\" aria-invalid=\"false\" placeholder=\"Tu tel\u00e9fono*\" value=\"\" type=\"tel\" name=\"phone\" \/><\/span>\n\t\t\t\t\t\t<\/p>\n\t\t\t\t\t<\/div>\n\t\t\t\t<\/div>\n\t\t\t<\/div>\n\n <!-- Email debajo a todo lo ancho -->\n\t\t\t<div class=\"row\">\n\t\t\t\t<div class=\"col-12\" style=\"padding: 0px 5px;\">\n\t\t\t\t\t<div class=\"form pxl-item-email\">\n\t\t\t\t\t\t<p><span class=\"wpcf7-form-control-wrap\" data-name=\"email-761\"><input size=\"40\" maxlength=\"400\" class=\"wpcf7-form-control wpcf7-email wpcf7-validates-as-required wpcf7-text wpcf7-validates-as-email\" aria-required=\"true\" aria-invalid=\"false\" placeholder=\"Tu email*\" value=\"\" type=\"email\" name=\"email-761\" \/><\/span>\n\t\t\t\t\t\t<\/p>\n\t\t\t\t\t<\/div>\n\t\t\t\t<\/div>\n\t\t\t<\/div>\n\t\t\t<div class=\"form pxl-item-message\">\n\t\t\t\t<p><span class=\"wpcf7-form-control-wrap\" data-name=\"textarea-759\"><textarea cols=\"40\" rows=\"10\" maxlength=\"2000\" class=\"wpcf7-form-control wpcf7-textarea wpcf7-validates-as-required\" aria-required=\"true\" aria-invalid=\"false\" placeholder=\"Mensaje*\" name=\"textarea-759\"><\/textarea><\/span>\n\t\t\t\t<\/p>\n\t\t\t<\/div>\n\t\t\t<p><span class=\"wpcf7-form-control-wrap\" data-name=\"acceptance-17\"><span class=\"wpcf7-form-control wpcf7-acceptance\"><span class=\"wpcf7-list-item\"><label><input type=\"checkbox\" name=\"acceptance-17\" value=\"1\" aria-invalid=\"false\" \/><span class=\"wpcf7-list-item-label\">He le\u00eddo y acepto las condiciones contenidas en la <a href=\"\/politica-de-privadesa\/\">Pol\u00edtica de Privacidad<\/a> sobre el tratamiento de mis datos.<\/span><\/label><\/span><\/span><\/span>\n\t\t\t<\/p>\n\t\t\t<div class=\"contact-submit\">\n\t\t\t\t<p><button class=\"btn pxl-icon-active btn-default pxl-icon--right\" type=\"submit\" data-animation=\"pxl-xspin\"><br \/>\n<svg xmlns=\"http:\/\/www.w3.org\/2000\/svg\" class=\"pxl-button-arrow\" width=\"23\" height=\"13\" viewbox=\"0 0 23 13\" fill=\"none\">\n                        <path d=\"M0 6.5H22M22 6.5L16 1M22 6.5L16 12\" stroke=\"#121212\" stroke-width=\"1.5\" stroke-linejoin=\"round\"><\/path>\n                    <\/svg><br \/>\n<span class=\"pxl--btn-text\"><br \/>\nEnviar consulta<br \/>\n<\/span><br \/>\n<\/button>\n\t\t\t\t<\/p>\n\t\t\t<\/div>\n\t\t<\/div>\n\t<\/div>\n<\/div><div class=\"wpcf7-response-output\" aria-hidden=\"true\"><\/div>\n<\/form>\n<\/div>\n    <\/div>\r\n\t\t\t\t<\/div>\n\t\t\t\t<\/div>\n\t\t\t\t<\/div>\r\n\t\t\t\t<\/div>\r\n\t\t<div class=\"elementor-element elementor-element-b7498b8 e-con-full e-flex pxl-column-none pxl-row-scroll-none pxl-zoom-point-false pxl-section-overflow-visible pxl-section-fix-none pxl-full-content-with-space-none pxl-bg-color-none pxl-section-overlay-none e-con e-child \" data-id=\"b7498b8\" data-element_type=\"container\"><div class=\"elementor-element elementor-element-660667d e-con-full e-flex pxl-column-none pxl-row-scroll-none pxl-zoom-point-false pxl-section-overflow-visible pxl-section-fix-none pxl-full-content-with-space-none pxl-bg-color-none pxl-section-overlay-none e-con e-child \" data-id=\"660667d\" data-element_type=\"container\"><div class=\"elementor-element elementor-element-f6e158d e-con-full e-flex pxl-column-none pxl-row-scroll-none pxl-zoom-point-false pxl-section-overflow-visible pxl-section-fix-none pxl-full-content-with-space-none pxl-bg-color-none pxl-section-overlay-none e-con e-child \" data-id=\"f6e158d\" data-element_type=\"container\">\t\t<div class=\"elementor-element elementor-element-78e0b0d elementor-widget elementor-widget-pxl_text_editor\" data-id=\"78e0b0d\" data-element_type=\"widget\" data-widget_type=\"pxl_text_editor.default\">\n\t\t\t\t<div class=\"elementor-widget-container\">\n\t\t\t\t\t<div class=\"pxl-text-editor\">\n\t<div class=\"pxl-item--inner style-default \" data-wow-delay=\"ms\">\n\t\t<p>Ubicaci\u00f3n<\/p>\t\t\n\t<\/div>\n<\/div>\t\t\t\t<\/div>\n\t\t\t\t<\/div>\n\t\t\t\t<div class=\"elementor-element elementor-element-e62c506 elementor-widget elementor-widget-pxl_text_editor\" data-id=\"e62c506\" data-element_type=\"widget\" data-widget_type=\"pxl_text_editor.default\">\n\t\t\t\t<div class=\"elementor-widget-container\">\n\t\t\t\t\t<div class=\"pxl-text-editor\">\n\t<div class=\"pxl-item--inner style-default \" data-wow-delay=\"ms\">\n\t\t<p>Carrer Gran de Gr\u00e0cia, n\u00ba 1 entlo. 2\u00aa 08012 Barcelona<\/p>\t\t\n\t<\/div>\n<\/div>\t\t\t\t<\/div>\n\t\t\t\t<\/div>\n\t\t\t\t<\/div>\r\n\t\t<div class=\"elementor-element elementor-element-d5ab21a e-con-full e-flex pxl-column-none pxl-row-scroll-none pxl-zoom-point-false pxl-section-overflow-visible pxl-section-fix-none pxl-full-content-with-space-none pxl-bg-color-none pxl-section-overlay-none e-con e-child \" data-id=\"d5ab21a\" data-element_type=\"container\">\t\t<div class=\"elementor-element elementor-element-aa03be9 elementor-widget elementor-widget-pxl_text_editor\" data-id=\"aa03be9\" data-element_type=\"widget\" data-widget_type=\"pxl_text_editor.default\">\n\t\t\t\t<div class=\"elementor-widget-container\">\n\t\t\t\t\t<div class=\"pxl-text-editor\">\n\t<div class=\"pxl-item--inner style-default \" data-wow-delay=\"ms\">\n\t\t<p>Contacto<\/p>\t\t\n\t<\/div>\n<\/div>\t\t\t\t<\/div>\n\t\t\t\t<\/div>\n\t\t\t\t<div class=\"elementor-element elementor-element-86957db elementor-widget elementor-widget-pxl_text_editor\" data-id=\"86957db\" data-element_type=\"widget\" data-widget_type=\"pxl_text_editor.default\">\n\t\t\t\t<div class=\"elementor-widget-container\">\n\t\t\t\t\t<div class=\"pxl-text-editor\">\n\t<div class=\"pxl-item--inner style-default \" data-wow-delay=\"ms\">\n\t\t<p>Ll\u00e1manos (+93) 105 05 61<br \/>Email: info@tgin.cat<\/p>\t\t\n\t<\/div>\n<\/div>\t\t\t\t<\/div>\n\t\t\t\t<\/div>\n\t\t\t\t<\/div>\r\n\t\t\t\t<\/div>\r\n\t\t<div class=\"elementor-element elementor-element-918b869 e-con-full e-flex pxl-column-none pxl-row-scroll-none pxl-zoom-point-false pxl-section-overflow-visible pxl-section-fix-none pxl-full-content-with-space-none pxl-bg-color-none pxl-section-overlay-none e-con e-child \" data-id=\"918b869\" data-element_type=\"container\"><div class=\"elementor-element elementor-element-ec082d8 e-con-full e-flex pxl-column-none pxl-row-scroll-none pxl-zoom-point-false pxl-section-overflow-visible pxl-section-fix-none pxl-full-content-with-space-none pxl-bg-color-none pxl-section-overlay-none e-con e-child \" data-id=\"ec082d8\" data-element_type=\"container\">\t\t<div class=\"elementor-element elementor-element-e6d3b16 elementor-widget elementor-widget-pxl_text_editor\" data-id=\"e6d3b16\" data-element_type=\"widget\" data-widget_type=\"pxl_text_editor.default\">\n\t\t\t\t<div class=\"elementor-widget-container\">\n\t\t\t\t\t<div class=\"pxl-text-editor\">\n\t<div class=\"pxl-item--inner style-default \" data-wow-delay=\"ms\">\n\t\t<p>Horario<\/p>\t\t\n\t<\/div>\n<\/div>\t\t\t\t<\/div>\n\t\t\t\t<\/div>\n\t\t\t\t<div class=\"elementor-element elementor-element-0a2834e elementor-widget elementor-widget-pxl_text_editor\" data-id=\"0a2834e\" data-element_type=\"widget\" data-widget_type=\"pxl_text_editor.default\">\n\t\t\t\t<div class=\"elementor-widget-container\">\n\t\t\t\t\t<div class=\"pxl-text-editor\">\n\t<div class=\"pxl-item--inner style-default \" data-wow-delay=\"ms\">\n\t\t<p>Lun- Jue: 9:30 am &#8211; 6:30 pm <br \/>Vie: 9.30 am &#8211; 3:00 pm<\/p>\t\t\n\t<\/div>\n<\/div>\t\t\t\t<\/div>\n\t\t\t\t<\/div>\n\t\t\t\t<\/div>\r\n\t\t<div class=\"elementor-element elementor-element-4fe1e91 e-con-full elementor-hidden-desktop elementor-hidden-laptop elementor-hidden-tablet_extra elementor-hidden-tablet elementor-hidden-mobile_extra elementor-hidden-mobile e-flex pxl-column-none pxl-row-scroll-none pxl-zoom-point-false pxl-section-overflow-visible pxl-section-fix-none pxl-full-content-with-space-none pxl-bg-color-none pxl-section-overlay-none e-con e-child \" data-id=\"4fe1e91\" data-element_type=\"container\">\t\t<div class=\"elementor-element elementor-element-b013e1f elementor-widget elementor-widget-pxl_text_editor\" data-id=\"b013e1f\" data-element_type=\"widget\" data-widget_type=\"pxl_text_editor.default\">\n\t\t\t\t<div class=\"elementor-widget-container\">\n\t\t\t\t\t<div class=\"pxl-text-editor\">\n\t<div class=\"pxl-item--inner style-default \" data-wow-delay=\"ms\">\n\t\t<p>Segueix-nos<\/p>\t\t\n\t<\/div>\n<\/div>\t\t\t\t<\/div>\n\t\t\t\t<\/div>\n\t\t<div class=\"elementor-element elementor-element-376b02f e-con-full e-flex pxl-column-none pxl-row-scroll-none pxl-zoom-point-false pxl-section-overflow-visible pxl-section-fix-none pxl-full-content-with-space-none pxl-bg-color-none pxl-section-overlay-none e-con e-child \" data-id=\"376b02f\" data-element_type=\"container\">\t\t<div class=\"elementor-element elementor-element-8590b2b elementor-widget elementor-widget-pxl_icon\" data-id=\"8590b2b\" data-element_type=\"widget\" data-widget_type=\"pxl_icon.default\">\n\t\t\t\t<div class=\"elementor-widget-container\">\n\t\t\t\t\t    <div class=\"pxl-icon-list pxl-icon1 wow rollRight icon-style2\" data-wow-delay=\"500ms\">\r\n                                    <a class=\"elementor-repeater-item-fd8ab11 pxl-mr-22\" href=\"#\">\r\n                    <i aria-hidden=\"true\" class=\"fab fa-facebook-f\"><\/i>                <\/a>\r\n                        <\/div>\r\n\t\t\t\t<\/div>\n\t\t\t\t<\/div>\n\t\t\t\t<div class=\"elementor-element elementor-element-da43b95 elementor-widget elementor-widget-pxl_icon\" data-id=\"da43b95\" data-element_type=\"widget\" data-widget_type=\"pxl_icon.default\">\n\t\t\t\t<div class=\"elementor-widget-container\">\n\t\t\t\t\t    <div class=\"pxl-icon-list pxl-icon1 wow rollRight icon-style2\" data-wow-delay=\"500ms\">\r\n                                    <a class=\"elementor-repeater-item-fd8ab11 pxl-mr-22\" href=\"#\">\r\n                    <i aria-hidden=\"true\" class=\"fab fa-linkedin-in\"><\/i>                <\/a>\r\n                        <\/div>\r\n\t\t\t\t<\/div>\n\t\t\t\t<\/div>\n\t\t\t\t<div class=\"elementor-element elementor-element-0e3f4c6 elementor-widget elementor-widget-pxl_icon\" data-id=\"0e3f4c6\" data-element_type=\"widget\" data-widget_type=\"pxl_icon.default\">\n\t\t\t\t<div class=\"elementor-widget-container\">\n\t\t\t\t\t    <div class=\"pxl-icon-list pxl-icon1 wow rollRight icon-style2\" data-wow-delay=\"500ms\">\r\n                                    <a class=\"elementor-repeater-item-fd8ab11 pxl-mr-22\" href=\"#\">\r\n                    <i aria-hidden=\"true\" class=\"fab fa-x-twitter\"><\/i>                <\/a>\r\n                        <\/div>\r\n\t\t\t\t<\/div>\n\t\t\t\t<\/div>\n\t\t\t\t<div class=\"elementor-element elementor-element-cd4165b elementor-widget elementor-widget-pxl_icon\" data-id=\"cd4165b\" data-element_type=\"widget\" data-widget_type=\"pxl_icon.default\">\n\t\t\t\t<div class=\"elementor-widget-container\">\n\t\t\t\t\t    <div class=\"pxl-icon-list pxl-icon1 wow rollRight icon-style2\" data-wow-delay=\"500ms\">\r\n                                    <a class=\"elementor-repeater-item-fd8ab11 pxl-mr-22\" href=\"#\">\r\n                    <i aria-hidden=\"true\" class=\"fab fa-instagram\"><\/i>                <\/a>\r\n                        <\/div>\r\n\t\t\t\t<\/div>\n\t\t\t\t<\/div>\n\t\t\t\t<div class=\"elementor-element elementor-element-71b76bb elementor-widget elementor-widget-pxl_icon\" data-id=\"71b76bb\" data-element_type=\"widget\" data-widget_type=\"pxl_icon.default\">\n\t\t\t\t<div class=\"elementor-widget-container\">\n\t\t\t\t\t    <div class=\"pxl-icon-list pxl-icon1 wow rollRight icon-style2\" data-wow-delay=\"500ms\">\r\n                                    <a class=\"elementor-repeater-item-fd8ab11 pxl-mr-22\" href=\"#\">\r\n                    <i aria-hidden=\"true\" class=\"fab fa-youtube\"><\/i>                <\/a>\r\n                        <\/div>\r\n\t\t\t\t<\/div>\n\t\t\t\t<\/div>\n\t\t\t\t<\/div>\r\n\t\t\t\t<\/div>\r\n\t\t\t\t<\/div>\r\n\t\t<div class=\"elementor-element elementor-element-c9139f1 e-con-full e-flex pxl-column-none pxl-row-scroll-none pxl-zoom-point-false pxl-section-overflow-visible pxl-section-fix-none pxl-full-content-with-space-none pxl-bg-color-none pxl-section-overlay-none e-con e-child \" data-id=\"c9139f1\" data-element_type=\"container\">\t\t<div class=\"elementor-element elementor-element-48cffad elementor-widget elementor-widget-google_maps\" data-id=\"48cffad\" data-element_type=\"widget\" data-widget_type=\"google_maps.default\">\n\t\t\t\t\t\t\t<div class=\"elementor-custom-embed\">\n\t\t\t<iframe loading=\"lazy\"\n\t\t\t\t\tsrc=\"https:\/\/maps.google.com\/maps?q=Gran%20de%20gracia%201&#038;t=m&#038;z=15&#038;output=embed&#038;iwloc=near\"\n\t\t\t\t\ttitle=\"Gran de gracia 1\"\n\t\t\t\t\taria-label=\"Gran de gracia 1\"\n\t\t\t><\/iframe>\n\t\t<\/div>\n\t\t\t\t\t\t<\/div>\n\t\t\t\t<\/div>\r\n\t\t\t\t<\/div>\r\n\t\t\t\t<\/div>\r\n\t\t\t\t\t<\/div>\r\n\t\t\t\t<\/div>\r\n\t\t\t\t<\/div>\n\t\t","protected":false},"excerpt":{"rendered":"<p>contacto \u00bfTienes un proyecto en mente y no sabes por d\u00f3nde empezar? Cu\u00e9ntanos tu caso y te asesoraremos para darle forma con criterio y claridad. He llegit i accepto les condicions contingudes a la Pol\u00edtica de Privadesa sobre el tractament de les meves dades. Enviar consulta Ubicaci\u00f3n Carrer Gran de Gr\u00e0cia, n\u00ba 1 entlo. 2\u00aa [&hellip;]<\/p>\n","protected":false},"author":1,"featured_media":0,"parent":0,"menu_order":0,"comment_status":"closed","ping_status":"closed","template":"","meta":{"footnotes":""},"class_list":["post-16421","page","type-page","status-publish","hentry"],"yoast_head":"<!-- This site is optimized with the Yoast SEO plugin v26.7 - https:\/\/yoast.com\/wordpress\/plugins\/seo\/ -->\n<title>Contacto - Arquitectura TGIN | Estudi d\u2019arquitectura<\/title>\n<meta name=\"robots\" content=\"index, follow, max-snippet:-1, max-image-preview:large, max-video-preview:-1\" \/>\n<link rel=\"canonical\" href=\"https:\/\/tgin.cat\/es\/contacto\/\" \/>\n<meta property=\"og:locale\" content=\"es_ES\" \/>\n<meta property=\"og:type\" content=\"article\" \/>\n<meta property=\"og:title\" content=\"Contacto - Arquitectura TGIN | Estudi d\u2019arquitectura\" \/>\n<meta property=\"og:description\" content=\"contacto \u00bfTienes un proyecto en mente y no sabes por d\u00f3nde empezar? Cu\u00e9ntanos tu caso y te asesoraremos para darle forma con criterio y claridad. He llegit i accepto les condicions contingudes a la Pol\u00edtica de Privadesa sobre el tractament de les meves dades. Enviar consulta Ubicaci\u00f3n Carrer Gran de Gr\u00e0cia, n\u00ba 1 entlo. 2\u00aa [&hellip;]\" \/>\n<meta property=\"og:url\" content=\"https:\/\/tgin.cat\/es\/contacto\/\" \/>\n<meta property=\"og:site_name\" content=\"Arquitectura TGIN | Estudi d\u2019arquitectura\" \/>\n<meta property=\"article:modified_time\" content=\"2026-01-05T07:32:07+00:00\" \/>\n<meta name=\"twitter:card\" content=\"summary_large_image\" \/>\n<meta name=\"twitter:label1\" content=\"Tiempo de lectura\" \/>\n\t<meta name=\"twitter:data1\" content=\"1 minuto\" \/>\n<script type=\"application\/ld+json\" class=\"yoast-schema-graph\">{\"@context\":\"https:\/\/schema.org\",\"@graph\":[{\"@type\":\"WebPage\",\"@id\":\"https:\/\/tgin.cat\/es\/contacto\/\",\"url\":\"https:\/\/tgin.cat\/es\/contacto\/\",\"name\":\"Contacto - Arquitectura TGIN | Estudi d\u2019arquitectura\",\"isPartOf\":{\"@id\":\"https:\/\/tgin.cat\/es\/#website\"},\"datePublished\":\"2025-11-30T06:03:08+00:00\",\"dateModified\":\"2026-01-05T07:32:07+00:00\",\"breadcrumb\":{\"@id\":\"https:\/\/tgin.cat\/es\/contacto\/#breadcrumb\"},\"inLanguage\":\"es\",\"potentialAction\":[{\"@type\":\"ReadAction\",\"target\":[\"https:\/\/tgin.cat\/es\/contacto\/\"]}]},{\"@type\":\"BreadcrumbList\",\"@id\":\"https:\/\/tgin.cat\/es\/contacto\/#breadcrumb\",\"itemListElement\":[{\"@type\":\"ListItem\",\"position\":1,\"name\":\"Portada\",\"item\":\"https:\/\/tgin.cat\/es\/\"},{\"@type\":\"ListItem\",\"position\":2,\"name\":\"Contacto\"}]},{\"@type\":\"WebSite\",\"@id\":\"https:\/\/tgin.cat\/es\/#website\",\"url\":\"https:\/\/tgin.cat\/es\/\",\"name\":\"Arquitectura TGIN\",\"description\":\"Arquitectura contempor\u00e0nia amb criteri, precisi\u00f3 i visi\u00f3 a llarg termini\",\"publisher\":{\"@id\":\"https:\/\/tgin.cat\/es\/#organization\"},\"potentialAction\":[{\"@type\":\"SearchAction\",\"target\":{\"@type\":\"EntryPoint\",\"urlTemplate\":\"https:\/\/tgin.cat\/es\/?s={search_term_string}\"},\"query-input\":{\"@type\":\"PropertyValueSpecification\",\"valueRequired\":true,\"valueName\":\"search_term_string\"}}],\"inLanguage\":\"es\"},{\"@type\":\"Organization\",\"@id\":\"https:\/\/tgin.cat\/es\/#organization\",\"name\":\"Arquitectura TGIN\",\"url\":\"https:\/\/tgin.cat\/es\/\",\"logo\":{\"@type\":\"ImageObject\",\"inLanguage\":\"es\",\"@id\":\"https:\/\/tgin.cat\/es\/#\/schema\/logo\/image\/\",\"url\":\"https:\/\/tgin.cat\/wp-content\/uploads\/2025\/12\/tgin_logo_negro_web.png\",\"contentUrl\":\"https:\/\/tgin.cat\/wp-content\/uploads\/2025\/12\/tgin_logo_negro_web.png\",\"width\":449,\"height\":450,\"caption\":\"Arquitectura TGIN\"},\"image\":{\"@id\":\"https:\/\/tgin.cat\/es\/#\/schema\/logo\/image\/\"}}]}<\/script>\n<!-- \/ Yoast SEO plugin. -->","yoast_head_json":{"title":"Contacto - Arquitectura TGIN | Estudi d\u2019arquitectura","robots":{"index":"index","follow":"follow","max-snippet":"max-snippet:-1","max-image-preview":"max-image-preview:large","max-video-preview":"max-video-preview:-1"},"canonical":"https:\/\/tgin.cat\/es\/contacto\/","og_locale":"es_ES","og_type":"article","og_title":"Contacto - Arquitectura TGIN | Estudi d\u2019arquitectura","og_description":"contacto \u00bfTienes un proyecto en mente y no sabes por d\u00f3nde empezar? Cu\u00e9ntanos tu caso y te asesoraremos para darle forma con criterio y claridad. He llegit i accepto les condicions contingudes a la Pol\u00edtica de Privadesa sobre el tractament de les meves dades. Enviar consulta Ubicaci\u00f3n Carrer Gran de Gr\u00e0cia, n\u00ba 1 entlo. 2\u00aa [&hellip;]","og_url":"https:\/\/tgin.cat\/es\/contacto\/","og_site_name":"Arquitectura TGIN | Estudi d\u2019arquitectura","article_modified_time":"2026-01-05T07:32:07+00:00","twitter_card":"summary_large_image","twitter_misc":{"Tiempo de lectura":"1 minuto"},"schema":{"@context":"https:\/\/schema.org","@graph":[{"@type":"WebPage","@id":"https:\/\/tgin.cat\/es\/contacto\/","url":"https:\/\/tgin.cat\/es\/contacto\/","name":"Contacto - Arquitectura TGIN | Estudi d\u2019arquitectura","isPartOf":{"@id":"https:\/\/tgin.cat\/es\/#website"},"datePublished":"2025-11-30T06:03:08+00:00","dateModified":"2026-01-05T07:32:07+00:00","breadcrumb":{"@id":"https:\/\/tgin.cat\/es\/contacto\/#breadcrumb"},"inLanguage":"es","potentialAction":[{"@type":"ReadAction","target":["https:\/\/tgin.cat\/es\/contacto\/"]}]},{"@type":"BreadcrumbList","@id":"https:\/\/tgin.cat\/es\/contacto\/#breadcrumb","itemListElement":[{"@type":"ListItem","position":1,"name":"Portada","item":"https:\/\/tgin.cat\/es\/"},{"@type":"ListItem","position":2,"name":"Contacto"}]},{"@type":"WebSite","@id":"https:\/\/tgin.cat\/es\/#website","url":"https:\/\/tgin.cat\/es\/","name":"Arquitectura TGIN","description":"Arquitectura contempor\u00e0nia amb criteri, precisi\u00f3 i visi\u00f3 a llarg termini","publisher":{"@id":"https:\/\/tgin.cat\/es\/#organization"},"potentialAction":[{"@type":"SearchAction","target":{"@type":"EntryPoint","urlTemplate":"https:\/\/tgin.cat\/es\/?s={search_term_string}"},"query-input":{"@type":"PropertyValueSpecification","valueRequired":true,"valueName":"search_term_string"}}],"inLanguage":"es"},{"@type":"Organization","@id":"https:\/\/tgin.cat\/es\/#organization","name":"Arquitectura TGIN","url":"https:\/\/tgin.cat\/es\/","logo":{"@type":"ImageObject","inLanguage":"es","@id":"https:\/\/tgin.cat\/es\/#\/schema\/logo\/image\/","url":"https:\/\/tgin.cat\/wp-content\/uploads\/2025\/12\/tgin_logo_negro_web.png","contentUrl":"https:\/\/tgin.cat\/wp-content\/uploads\/2025\/12\/tgin_logo_negro_web.png","width":449,"height":450,"caption":"Arquitectura TGIN"},"image":{"@id":"https:\/\/tgin.cat\/es\/#\/schema\/logo\/image\/"}}]}},"_links":{"self":[{"href":"https:\/\/tgin.cat\/es\/wp-json\/wp\/v2\/pages\/16421","targetHints":{"allow":["GET"]}}],"collection":[{"href":"https:\/\/tgin.cat\/es\/wp-json\/wp\/v2\/pages"}],"about":[{"href":"https:\/\/tgin.cat\/es\/wp-json\/wp\/v2\/types\/page"}],"author":[{"embeddable":true,"href":"https:\/\/tgin.cat\/es\/wp-json\/wp\/v2\/users\/1"}],"replies":[{"embeddable":true,"href":"https:\/\/tgin.cat\/es\/wp-json\/wp\/v2\/comments?post=16421"}],"version-history":[{"count":5,"href":"https:\/\/tgin.cat\/es\/wp-json\/wp\/v2\/pages\/16421\/revisions"}],"predecessor-version":[{"id":16893,"href":"https:\/\/tgin.cat\/es\/wp-json\/wp\/v2\/pages\/16421\/revisions\/16893"}],"wp:attachment":[{"href":"https:\/\/tgin.cat\/es\/wp-json\/wp\/v2\/media?parent=16421"}],"curies":[{"name":"wp","href":"https:\/\/api.w.org\/{rel}","templated":true}]}}