{"id":16391,"date":"2025-12-19T14:32:28","date_gmt":"2025-12-19T13:32:28","guid":{"rendered":"https:\/\/tgin.cat\/legal-notice\/"},"modified":"2025-12-19T14:32:28","modified_gmt":"2025-12-19T13:32:28","slug":"legal-notice","status":"publish","type":"page","link":"https:\/\/tgin.cat\/en\/legal-notice\/","title":{"rendered":"Legal Notice"},"content":{"rendered":"<p>Legal Notice<\/p>\n<p>&nbsp;<\/p>\n<p>1. General Information<\/p>\n<p>In compliance with Law 34\/2002, of July 11, on Information Society Services and Electronic Commerce (LSSI-CE), the following data is provided:<\/p>\n<p>Website Owner: Arquitectura TGIN, S.L.P.<br \/>\nTax ID: B67274944<br \/>\nAddress: Passatge de Cardedeu, 29 \u2013 08023 Barcelona<br \/>\nPhone: 933 13 99 26<br \/>\nEmail: info@tgin.cat<\/p>\n<p>2. Users<\/p>\n<p>Access and use of the website grants the status of user, who accepts these general conditions of use, as well as the privacy policy and cookie policy.<\/p>\n<p>3. Use of the Website<\/p>\n<p>The user undertakes to make appropriate use of the website and its contents, and not to use them for illicit activities, contrary to good faith, public order, or the rights of third parties.<\/p>\n<p>4. Intellectual and Industrial Property<\/p>\n<p>All contents of the website (texts, images, designs, logos, structure, etc.) are the property of Arquitectura TGIN, S.L.P. or authorized third parties, and are protected by intellectual and industrial property regulations.<\/p>\n<p>The reproduction, distribution, or public communication of the contents without express authorization is prohibited.<\/p>\n<p>5. Liability<\/p>\n<p>Arquitectura TGIN, S.L.P. is not responsible for damages arising from errors in the contents, service interruptions, or the presence of viruses, despite having adopted the necessary measures to prevent them.<\/p>\n<p>6. Links<\/p>\n<p>This website may contain links to other third-party websites. Arquitectura TGIN, S.L.P. assumes no responsibility for the content or operation of these external sites.<\/p>\n<p>7. Modifications<\/p>\n<p>Arquitectura TGIN, S.L.P. reserves the right to modify the content of the website and these conditions at any time, without prior notice.<\/p>\n<p>8. Applicable Law and Jurisdiction<\/p>\n<p>The relationship between the user and Arquitectura TGIN, S.L.P. shall be governed by current Spanish legislation, expressly submitting to the Courts and Tribunals of Barcelona.<\/p>\n<p>Last updated: October 2025<\/p>\n","protected":false},"excerpt":{"rendered":"<p>Legal Notice &nbsp; 1. General Information In compliance with Law 34\/2002, of July 11, on Information Society Services and Electronic Commerce (LSSI-CE), the following data is provided: Website Owner: Arquitectura TGIN, S.L.P. Tax ID: B67274944 Address: Passatge de Cardedeu, 29 \u2013 08023 Barcelona Phone: 933 13 99 26 Email: info@tgin.cat 2. Users Access and use [&hellip;]<\/p>\n","protected":false},"author":1,"featured_media":0,"parent":0,"menu_order":0,"comment_status":"closed","ping_status":"closed","template":"","meta":{"footnotes":""},"class_list":["post-16391","page","type-page","status-publish","hentry"],"yoast_head":"<!-- This site is optimized with the Yoast SEO plugin v26.7 - https:\/\/yoast.com\/wordpress\/plugins\/seo\/ -->\n<title>Legal Notice - Arquitectura TGIN | Estudi d\u2019arquitectura<\/title>\n<meta name=\"robots\" content=\"noindex, nofollow\" \/>\n<meta property=\"og:locale\" content=\"en_US\" \/>\n<meta property=\"og:type\" content=\"article\" \/>\n<meta property=\"og:title\" content=\"Legal Notice - Arquitectura TGIN | Estudi d\u2019arquitectura\" \/>\n<meta property=\"og:description\" content=\"Legal Notice &nbsp; 1. General Information In compliance with Law 34\/2002, of July 11, on Information Society Services and Electronic Commerce (LSSI-CE), the following data is provided: Website Owner: Arquitectura TGIN, S.L.P. Tax ID: B67274944 Address: Passatge de Cardedeu, 29 \u2013 08023 Barcelona Phone: 933 13 99 26 Email: info@tgin.cat 2. Users Access and use [&hellip;]\" \/>\n<meta property=\"og:url\" content=\"https:\/\/tgin.cat\/en\/legal-notice\/\" \/>\n<meta property=\"og:site_name\" content=\"Arquitectura TGIN | Estudi d\u2019arquitectura\" \/>\n<meta name=\"twitter:card\" content=\"summary_large_image\" \/>\n<meta name=\"twitter:label1\" content=\"Est. reading time\" \/>\n\t<meta name=\"twitter:data1\" content=\"1 minute\" \/>\n<script type=\"application\/ld+json\" class=\"yoast-schema-graph\">{\"@context\":\"https:\/\/schema.org\",\"@graph\":[{\"@type\":\"WebPage\",\"@id\":\"https:\/\/tgin.cat\/en\/legal-notice\/\",\"url\":\"https:\/\/tgin.cat\/en\/legal-notice\/\",\"name\":\"Legal Notice - Arquitectura TGIN | Estudi d\u2019arquitectura\",\"isPartOf\":{\"@id\":\"https:\/\/tgin.cat\/en\/#website\"},\"datePublished\":\"2025-12-19T13:32:28+00:00\",\"breadcrumb\":{\"@id\":\"https:\/\/tgin.cat\/en\/legal-notice\/#breadcrumb\"},\"inLanguage\":\"en-US\",\"potentialAction\":[{\"@type\":\"ReadAction\",\"target\":[\"https:\/\/tgin.cat\/en\/legal-notice\/\"]}]},{\"@type\":\"BreadcrumbList\",\"@id\":\"https:\/\/tgin.cat\/en\/legal-notice\/#breadcrumb\",\"itemListElement\":[{\"@type\":\"ListItem\",\"position\":1,\"name\":\"Portada\",\"item\":\"https:\/\/tgin.cat\/en\/\"},{\"@type\":\"ListItem\",\"position\":2,\"name\":\"Legal Notice\"}]},{\"@type\":\"WebSite\",\"@id\":\"https:\/\/tgin.cat\/en\/#website\",\"url\":\"https:\/\/tgin.cat\/en\/\",\"name\":\"Arquitectura TGIN\",\"description\":\"Arquitectura contempor\u00e0nia amb criteri, precisi\u00f3 i visi\u00f3 a llarg termini\",\"publisher\":{\"@id\":\"https:\/\/tgin.cat\/en\/#organization\"},\"potentialAction\":[{\"@type\":\"SearchAction\",\"target\":{\"@type\":\"EntryPoint\",\"urlTemplate\":\"https:\/\/tgin.cat\/en\/?s={search_term_string}\"},\"query-input\":{\"@type\":\"PropertyValueSpecification\",\"valueRequired\":true,\"valueName\":\"search_term_string\"}}],\"inLanguage\":\"en-US\"},{\"@type\":\"Organization\",\"@id\":\"https:\/\/tgin.cat\/en\/#organization\",\"name\":\"Arquitectura TGIN\",\"url\":\"https:\/\/tgin.cat\/en\/\",\"logo\":{\"@type\":\"ImageObject\",\"inLanguage\":\"en-US\",\"@id\":\"https:\/\/tgin.cat\/en\/#\/schema\/logo\/image\/\",\"url\":\"https:\/\/tgin.cat\/wp-content\/uploads\/2025\/12\/tgin_logo_negro_web.png\",\"contentUrl\":\"https:\/\/tgin.cat\/wp-content\/uploads\/2025\/12\/tgin_logo_negro_web.png\",\"width\":449,\"height\":450,\"caption\":\"Arquitectura TGIN\"},\"image\":{\"@id\":\"https:\/\/tgin.cat\/en\/#\/schema\/logo\/image\/\"}}]}<\/script>\n<!-- \/ Yoast SEO plugin. -->","yoast_head_json":{"title":"Legal Notice - Arquitectura TGIN | Estudi d\u2019arquitectura","robots":{"index":"noindex","follow":"nofollow"},"og_locale":"en_US","og_type":"article","og_title":"Legal Notice - Arquitectura TGIN | Estudi d\u2019arquitectura","og_description":"Legal Notice &nbsp; 1. General Information In compliance with Law 34\/2002, of July 11, on Information Society Services and Electronic Commerce (LSSI-CE), the following data is provided: Website Owner: Arquitectura TGIN, S.L.P. Tax ID: B67274944 Address: Passatge de Cardedeu, 29 \u2013 08023 Barcelona Phone: 933 13 99 26 Email: info@tgin.cat 2. Users Access and use [&hellip;]","og_url":"https:\/\/tgin.cat\/en\/legal-notice\/","og_site_name":"Arquitectura TGIN | Estudi d\u2019arquitectura","twitter_card":"summary_large_image","twitter_misc":{"Est. reading time":"1 minute"},"schema":{"@context":"https:\/\/schema.org","@graph":[{"@type":"WebPage","@id":"https:\/\/tgin.cat\/en\/legal-notice\/","url":"https:\/\/tgin.cat\/en\/legal-notice\/","name":"Legal Notice - Arquitectura TGIN | Estudi d\u2019arquitectura","isPartOf":{"@id":"https:\/\/tgin.cat\/en\/#website"},"datePublished":"2025-12-19T13:32:28+00:00","breadcrumb":{"@id":"https:\/\/tgin.cat\/en\/legal-notice\/#breadcrumb"},"inLanguage":"en-US","potentialAction":[{"@type":"ReadAction","target":["https:\/\/tgin.cat\/en\/legal-notice\/"]}]},{"@type":"BreadcrumbList","@id":"https:\/\/tgin.cat\/en\/legal-notice\/#breadcrumb","itemListElement":[{"@type":"ListItem","position":1,"name":"Portada","item":"https:\/\/tgin.cat\/en\/"},{"@type":"ListItem","position":2,"name":"Legal Notice"}]},{"@type":"WebSite","@id":"https:\/\/tgin.cat\/en\/#website","url":"https:\/\/tgin.cat\/en\/","name":"Arquitectura TGIN","description":"Arquitectura contempor\u00e0nia amb criteri, precisi\u00f3 i visi\u00f3 a llarg termini","publisher":{"@id":"https:\/\/tgin.cat\/en\/#organization"},"potentialAction":[{"@type":"SearchAction","target":{"@type":"EntryPoint","urlTemplate":"https:\/\/tgin.cat\/en\/?s={search_term_string}"},"query-input":{"@type":"PropertyValueSpecification","valueRequired":true,"valueName":"search_term_string"}}],"inLanguage":"en-US"},{"@type":"Organization","@id":"https:\/\/tgin.cat\/en\/#organization","name":"Arquitectura TGIN","url":"https:\/\/tgin.cat\/en\/","logo":{"@type":"ImageObject","inLanguage":"en-US","@id":"https:\/\/tgin.cat\/en\/#\/schema\/logo\/image\/","url":"https:\/\/tgin.cat\/wp-content\/uploads\/2025\/12\/tgin_logo_negro_web.png","contentUrl":"https:\/\/tgin.cat\/wp-content\/uploads\/2025\/12\/tgin_logo_negro_web.png","width":449,"height":450,"caption":"Arquitectura TGIN"},"image":{"@id":"https:\/\/tgin.cat\/en\/#\/schema\/logo\/image\/"}}]}},"_links":{"self":[{"href":"https:\/\/tgin.cat\/en\/wp-json\/wp\/v2\/pages\/16391","targetHints":{"allow":["GET"]}}],"collection":[{"href":"https:\/\/tgin.cat\/en\/wp-json\/wp\/v2\/pages"}],"about":[{"href":"https:\/\/tgin.cat\/en\/wp-json\/wp\/v2\/types\/page"}],"author":[{"embeddable":true,"href":"https:\/\/tgin.cat\/en\/wp-json\/wp\/v2\/users\/1"}],"replies":[{"embeddable":true,"href":"https:\/\/tgin.cat\/en\/wp-json\/wp\/v2\/comments?post=16391"}],"version-history":[{"count":0,"href":"https:\/\/tgin.cat\/en\/wp-json\/wp\/v2\/pages\/16391\/revisions"}],"wp:attachment":[{"href":"https:\/\/tgin.cat\/en\/wp-json\/wp\/v2\/media?parent=16391"}],"curies":[{"name":"wp","href":"https:\/\/api.w.org\/{rel}","templated":true}]}}